{"id":1065,"date":"2021-07-26T01:57:49","date_gmt":"2021-07-26T01:57:49","guid":{"rendered":"https:\/\/villatf.com\/?page_id=1065"},"modified":"2022-05-20T16:30:51","modified_gmt":"2022-05-20T16:30:51","slug":"arte-playa","status":"publish","type":"page","link":"https:\/\/villatf.com\/es\/arte-playa\/","title":{"rendered":"ARTE PLAYA"},"content":{"rendered":"\t\t<div data-elementor-type=\"wp-page\" data-elementor-id=\"1065\" class=\"elementor elementor-1065\">\n\t\t\t\t\t\t\t\t\t<section class=\"elementor-section elementor-top-section elementor-element elementor-element-edf9554 elementor-section-boxed elementor-section-height-default elementor-section-height-default wpr-particle-no wpr-jarallax-no wpr-parallax-no wpr-sticky-section-no\" data-id=\"edf9554\" data-element_type=\"section\">\n\t\t\t\t\t\t<div class=\"elementor-container elementor-column-gap-default\">\n\t\t\t\t\t<div class=\"elementor-column elementor-col-100 elementor-top-column elementor-element elementor-element-3be0967\" data-id=\"3be0967\" data-element_type=\"column\">\n\t\t\t<div class=\"elementor-widget-wrap elementor-element-populated\">\n\t\t\t\t\t\t\t\t<div class=\"elementor-element elementor-element-96861ab elementor-widget elementor-widget-text-editor\" data-id=\"96861ab\" data-element_type=\"widget\" data-widget_type=\"text-editor.default\">\n\t\t\t\t<div class=\"elementor-widget-container\">\n\t\t\t<style>\/*! elementor - v3.6.6 - 08-06-2022 *\/\n.elementor-widget-text-editor.elementor-drop-cap-view-stacked .elementor-drop-cap{background-color:#818a91;color:#fff}.elementor-widget-text-editor.elementor-drop-cap-view-framed .elementor-drop-cap{color:#818a91;border:3px solid;background-color:transparent}.elementor-widget-text-editor:not(.elementor-drop-cap-view-default) .elementor-drop-cap{margin-top:8px}.elementor-widget-text-editor:not(.elementor-drop-cap-view-default) .elementor-drop-cap-letter{width:1em;height:1em}.elementor-widget-text-editor .elementor-drop-cap{float:left;text-align:center;line-height:1;font-size:50px}.elementor-widget-text-editor .elementor-drop-cap-letter{display:inline-block}<\/style>\t\t\t\t<p>Playa Bandera en Parrita de Puntarenas, Quepos, Costa Rica destaca por su tranquilidad, pues a\u00fan es un spot poco concurrido. Su arena es gris, tiene un oleaje moderado y poca piedra. <br \/><br \/>Ven y disfruta de nuestras Villas:\u00a0 Tortuga Feliz y aproveche de un pic-nic frente al mar, en las mesas al lado de las palmeras, a la orilla de la playa. Nuestras Villas se encuentras full equipadas con todas las comodidades de un hogar.<br \/><br \/>Tambi\u00e9n contamos con \u00e1rea de Camping, deleite los paisajes y hermosos atardeceres en la playa y aprovecha los beneficios de caminar por la playa, descansar o incluso planear un viaje de un d\u00eda, ya que est\u00e1 a 2 horas y media de San Jos\u00e9.<\/p><p>\u00a0<\/p>\t\t\t\t\t\t<\/div>\n\t\t\t\t<\/div>\n\t\t\t\t<div class=\"elementor-element elementor-element-0dd8dfd elementor-widget elementor-widget-image-gallery\" data-id=\"0dd8dfd\" data-element_type=\"widget\" data-widget_type=\"image-gallery.default\">\n\t\t\t\t<div class=\"elementor-widget-container\">\n\t\t\t<style>\/*! elementor - v3.6.6 - 08-06-2022 *\/\n.elementor-image-gallery .gallery-item{display:inline-block;text-align:center;vertical-align:top;width:100%;max-width:100%;margin:0 auto}.elementor-image-gallery .gallery-item img{margin:0 auto}.elementor-image-gallery .gallery-item .gallery-caption{margin:0}.elementor-image-gallery figure img{display:block}.elementor-image-gallery figure figcaption{width:100%}.gallery-spacing-custom .elementor-image-gallery .gallery-icon{padding:0}@media (min-width:768px){.elementor-image-gallery .gallery-columns-2 .gallery-item{max-width:50%}.elementor-image-gallery .gallery-columns-3 .gallery-item{max-width:33.33%}.elementor-image-gallery .gallery-columns-4 .gallery-item{max-width:25%}.elementor-image-gallery .gallery-columns-5 .gallery-item{max-width:20%}.elementor-image-gallery .gallery-columns-6 .gallery-item{max-width:16.666%}.elementor-image-gallery .gallery-columns-7 .gallery-item{max-width:14.28%}.elementor-image-gallery .gallery-columns-8 .gallery-item{max-width:12.5%}.elementor-image-gallery .gallery-columns-9 .gallery-item{max-width:11.11%}.elementor-image-gallery .gallery-columns-10 .gallery-item{max-width:10%}}@media (min-width:480px) and (max-width:767px){.elementor-image-gallery .gallery.gallery-columns-2 .gallery-item,.elementor-image-gallery .gallery.gallery-columns-3 .gallery-item,.elementor-image-gallery .gallery.gallery-columns-4 .gallery-item,.elementor-image-gallery .gallery.gallery-columns-5 .gallery-item,.elementor-image-gallery .gallery.gallery-columns-6 .gallery-item,.elementor-image-gallery .gallery.gallery-columns-7 .gallery-item,.elementor-image-gallery .gallery.gallery-columns-8 .gallery-item,.elementor-image-gallery .gallery.gallery-columns-9 .gallery-item,.elementor-image-gallery .gallery.gallery-columns-10 .gallery-item{max-width:50%}}@media (max-width:479px){.elementor-image-gallery .gallery.gallery-columns-2 .gallery-item,.elementor-image-gallery .gallery.gallery-columns-3 .gallery-item,.elementor-image-gallery .gallery.gallery-columns-4 .gallery-item,.elementor-image-gallery .gallery.gallery-columns-5 .gallery-item,.elementor-image-gallery .gallery.gallery-columns-6 .gallery-item,.elementor-image-gallery .gallery.gallery-columns-7 .gallery-item,.elementor-image-gallery .gallery.gallery-columns-8 .gallery-item,.elementor-image-gallery .gallery.gallery-columns-9 .gallery-item,.elementor-image-gallery .gallery.gallery-columns-10 .gallery-item{max-width:100%}}<\/style>\t\t<div class=\"elementor-image-gallery\">\n\t\t\t<div id='gallery-1' class='gallery galleryid-1065 gallery-columns-4 gallery-size-medium'><figure class='gallery-item'>\n\t\t\t<div class='gallery-icon portrait'>\n\t\t\t\t<a data-elementor-open-lightbox=\"yes\" data-elementor-lightbox-slideshow=\"0dd8dfd\" data-elementor-lightbox-title=\"17\" e-action-hash=\"#elementor-action%3Aaction%3Dlightbox%26settings%3DeyJpZCI6MTA5MywidXJsIjoiaHR0cHM6XC9cL3ZpbGxhdGYuY29tXC93cC1jb250ZW50XC91cGxvYWRzXC8yMDIxXC8wN1wvMTctMS5qcGciLCJzbGlkZXNob3ciOiIwZGQ4ZGZkIn0%3D\" href='https:\/\/villatf.com\/wp-content\/uploads\/2021\/07\/17-1.jpg'><img width=\"234\" height=\"300\" src=\"https:\/\/villatf.com\/wp-content\/uploads\/2021\/07\/17-1-234x300.jpg\" class=\"attachment-medium size-medium\" alt=\"\" srcset=\"https:\/\/villatf.com\/wp-content\/uploads\/2021\/07\/17-1-234x300.jpg 234w, https:\/\/villatf.com\/wp-content\/uploads\/2021\/07\/17-1-800x1024.jpg 800w, https:\/\/villatf.com\/wp-content\/uploads\/2021\/07\/17-1-768x983.jpg 768w, https:\/\/villatf.com\/wp-content\/uploads\/2021\/07\/17-1-600x768.jpg 600w, https:\/\/villatf.com\/wp-content\/uploads\/2021\/07\/17-1.jpg 825w\" sizes=\"(max-width: 234px) 100vw, 234px\" \/><\/a>\n\t\t\t<\/div><\/figure><figure class='gallery-item'>\n\t\t\t<div class='gallery-icon portrait'>\n\t\t\t\t<a data-elementor-open-lightbox=\"yes\" data-elementor-lightbox-slideshow=\"0dd8dfd\" data-elementor-lightbox-title=\"7\" e-action-hash=\"#elementor-action%3Aaction%3Dlightbox%26settings%3DeyJpZCI6MTA4NiwidXJsIjoiaHR0cHM6XC9cL3ZpbGxhdGYuY29tXC93cC1jb250ZW50XC91cGxvYWRzXC8yMDIxXC8wN1wvNy0zLmpwZyIsInNsaWRlc2hvdyI6IjBkZDhkZmQifQ%3D%3D\" href='https:\/\/villatf.com\/wp-content\/uploads\/2021\/07\/7-3.jpg'><img width=\"234\" height=\"300\" src=\"https:\/\/villatf.com\/wp-content\/uploads\/2021\/07\/7-3-234x300.jpg\" class=\"attachment-medium size-medium\" alt=\"\" srcset=\"https:\/\/villatf.com\/wp-content\/uploads\/2021\/07\/7-3-234x300.jpg 234w, https:\/\/villatf.com\/wp-content\/uploads\/2021\/07\/7-3-800x1024.jpg 800w, https:\/\/villatf.com\/wp-content\/uploads\/2021\/07\/7-3-768x983.jpg 768w, https:\/\/villatf.com\/wp-content\/uploads\/2021\/07\/7-3-600x768.jpg 600w, https:\/\/villatf.com\/wp-content\/uploads\/2021\/07\/7-3.jpg 825w\" sizes=\"(max-width: 234px) 100vw, 234px\" \/><\/a>\n\t\t\t<\/div><\/figure><figure class='gallery-item'>\n\t\t\t<div class='gallery-icon portrait'>\n\t\t\t\t<a data-elementor-open-lightbox=\"yes\" data-elementor-lightbox-slideshow=\"0dd8dfd\" data-elementor-lightbox-title=\"8\" e-action-hash=\"#elementor-action%3Aaction%3Dlightbox%26settings%3DeyJpZCI6MTA4NywidXJsIjoiaHR0cHM6XC9cL3ZpbGxhdGYuY29tXC93cC1jb250ZW50XC91cGxvYWRzXC8yMDIxXC8wN1wvOC0zLmpwZyIsInNsaWRlc2hvdyI6IjBkZDhkZmQifQ%3D%3D\" href='https:\/\/villatf.com\/wp-content\/uploads\/2021\/07\/8-3.jpg'><img width=\"234\" height=\"300\" src=\"https:\/\/villatf.com\/wp-content\/uploads\/2021\/07\/8-3-234x300.jpg\" class=\"attachment-medium size-medium\" alt=\"\" srcset=\"https:\/\/villatf.com\/wp-content\/uploads\/2021\/07\/8-3-234x300.jpg 234w, https:\/\/villatf.com\/wp-content\/uploads\/2021\/07\/8-3-800x1024.jpg 800w, https:\/\/villatf.com\/wp-content\/uploads\/2021\/07\/8-3-768x983.jpg 768w, https:\/\/villatf.com\/wp-content\/uploads\/2021\/07\/8-3-600x768.jpg 600w, https:\/\/villatf.com\/wp-content\/uploads\/2021\/07\/8-3.jpg 825w\" sizes=\"(max-width: 234px) 100vw, 234px\" \/><\/a>\n\t\t\t<\/div><\/figure><figure class='gallery-item'>\n\t\t\t<div class='gallery-icon portrait'>\n\t\t\t\t<a data-elementor-open-lightbox=\"yes\" data-elementor-lightbox-slideshow=\"0dd8dfd\" data-elementor-lightbox-title=\"6\" e-action-hash=\"#elementor-action%3Aaction%3Dlightbox%26settings%3DeyJpZCI6MTA4NSwidXJsIjoiaHR0cHM6XC9cL3ZpbGxhdGYuY29tXC93cC1jb250ZW50XC91cGxvYWRzXC8yMDIxXC8wN1wvNi0zLmpwZyIsInNsaWRlc2hvdyI6IjBkZDhkZmQifQ%3D%3D\" href='https:\/\/villatf.com\/wp-content\/uploads\/2021\/07\/6-3.jpg'><img width=\"234\" height=\"300\" src=\"https:\/\/villatf.com\/wp-content\/uploads\/2021\/07\/6-3-234x300.jpg\" class=\"attachment-medium size-medium\" alt=\"\" srcset=\"https:\/\/villatf.com\/wp-content\/uploads\/2021\/07\/6-3-234x300.jpg 234w, https:\/\/villatf.com\/wp-content\/uploads\/2021\/07\/6-3-800x1024.jpg 800w, https:\/\/villatf.com\/wp-content\/uploads\/2021\/07\/6-3-768x983.jpg 768w, https:\/\/villatf.com\/wp-content\/uploads\/2021\/07\/6-3-600x768.jpg 600w, https:\/\/villatf.com\/wp-content\/uploads\/2021\/07\/6-3.jpg 825w\" sizes=\"(max-width: 234px) 100vw, 234px\" \/><\/a>\n\t\t\t<\/div><\/figure>\n\t\t<\/div>\n\t\t<\/div>\n\t\t\t\t<\/div>\n\t\t\t\t<\/div>\n\t\t\t\t<div class=\"elementor-element elementor-element-98e7209 elementor-widget elementor-widget-image-gallery\" data-id=\"98e7209\" data-element_type=\"widget\" data-widget_type=\"image-gallery.default\">\n\t\t\t\t<div class=\"elementor-widget-container\">\n\t\t\t\t\t<div class=\"elementor-image-gallery\">\n\t\t\t<div id='gallery-2' class='gallery galleryid-1065 gallery-columns-4 gallery-size-medium'><figure class='gallery-item'>\n\t\t\t<div class='gallery-icon portrait'>\n\t\t\t\t<a data-elementor-open-lightbox=\"yes\" data-elementor-lightbox-slideshow=\"98e7209\" data-elementor-lightbox-title=\"9\" e-action-hash=\"#elementor-action%3Aaction%3Dlightbox%26settings%3DeyJpZCI6MTA4OCwidXJsIjoiaHR0cHM6XC9cL3ZpbGxhdGYuY29tXC93cC1jb250ZW50XC91cGxvYWRzXC8yMDIxXC8wN1wvOS0yLmpwZyIsInNsaWRlc2hvdyI6Ijk4ZTcyMDkifQ%3D%3D\" href='https:\/\/villatf.com\/wp-content\/uploads\/2021\/07\/9-2.jpg'><img width=\"234\" height=\"300\" src=\"https:\/\/villatf.com\/wp-content\/uploads\/2021\/07\/9-2-234x300.jpg\" class=\"attachment-medium size-medium\" alt=\"\" srcset=\"https:\/\/villatf.com\/wp-content\/uploads\/2021\/07\/9-2-234x300.jpg 234w, https:\/\/villatf.com\/wp-content\/uploads\/2021\/07\/9-2-800x1024.jpg 800w, https:\/\/villatf.com\/wp-content\/uploads\/2021\/07\/9-2-768x983.jpg 768w, https:\/\/villatf.com\/wp-content\/uploads\/2021\/07\/9-2-600x768.jpg 600w, https:\/\/villatf.com\/wp-content\/uploads\/2021\/07\/9-2.jpg 825w\" sizes=\"(max-width: 234px) 100vw, 234px\" \/><\/a>\n\t\t\t<\/div><\/figure>\n\t\t<\/div>\n\t\t<\/div>\n\t\t\t\t<\/div>\n\t\t\t\t<\/div>\n\t\t\t\t\t<\/div>\n\t\t<\/div>\n\t\t\t\t\t\t\t<\/div>\n\t\t<\/section>\n\t\t\t\t\t\t\t<\/div>\n\t\t","protected":false},"excerpt":{"rendered":"<p>Playa Bandera en Parrita de Puntarenas, Quepos, Costa Rica destaca por su tranquilidad, pues a\u00fan es un spot poco concurrido. Su arena es gris, tiene un oleaje moderado y poca piedra. Ven y disfruta de nuestras Villas:\u00a0 Tortuga Feliz y aproveche de un pic-nic frente al mar, en las mesas al lado de las palmeras, a la orilla de la playa. Nuestras Villas se encuentras full equipadas con todas las comodidades de un hogar. Tambi\u00e9n contamos con \u00e1rea de Camping, deleite los paisajes y hermosos atardeceres en la playa y aprovecha los beneficios de caminar por la playa, descansar o incluso planear un viaje de un d\u00eda, ya que est\u00e1 a 2 horas y media de San Jos\u00e9. \u00a0<\/p>\n","protected":false},"author":1,"featured_media":0,"parent":0,"menu_order":0,"comment_status":"closed","ping_status":"closed","template":"","meta":{"om_disable_all_campaigns":false,"_monsterinsights_skip_tracking":false,"_monsterinsights_sitenote_active":false,"_monsterinsights_sitenote_note":"","_monsterinsights_sitenote_category":0,"_joinchat":[]},"_links":{"self":[{"href":"https:\/\/villatf.com\/es\/wp-json\/wp\/v2\/pages\/1065"}],"collection":[{"href":"https:\/\/villatf.com\/es\/wp-json\/wp\/v2\/pages"}],"about":[{"href":"https:\/\/villatf.com\/es\/wp-json\/wp\/v2\/types\/page"}],"author":[{"embeddable":true,"href":"https:\/\/villatf.com\/es\/wp-json\/wp\/v2\/users\/1"}],"replies":[{"embeddable":true,"href":"https:\/\/villatf.com\/es\/wp-json\/wp\/v2\/comments?post=1065"}],"version-history":[{"count":0,"href":"https:\/\/villatf.com\/es\/wp-json\/wp\/v2\/pages\/1065\/revisions"}],"wp:attachment":[{"href":"https:\/\/villatf.com\/es\/wp-json\/wp\/v2\/media?parent=1065"}],"curies":[{"name":"wp","href":"https:\/\/api.w.org\/{rel}","templated":true}]}}