{"id":1049,"date":"2021-07-26T01:53:52","date_gmt":"2021-07-26T01:53:52","guid":{"rendered":"https:\/\/villatf.com\/?page_id=1049"},"modified":"2022-06-06T18:11:47","modified_gmt":"2022-06-06T18:11:47","slug":"estero","status":"publish","type":"page","link":"https:\/\/villatf.com\/es\/estero\/","title":{"rendered":"ESTERO"},"content":{"rendered":"\t\t<div data-elementor-type=\"wp-page\" data-elementor-id=\"1049\" class=\"elementor elementor-1049\">\n\t\t\t\t\t\t\t\t\t<section class=\"elementor-section elementor-top-section elementor-element elementor-element-54de766 elementor-section-boxed elementor-section-height-default elementor-section-height-default wpr-particle-no wpr-jarallax-no wpr-parallax-no wpr-sticky-section-no\" data-id=\"54de766\" data-element_type=\"section\">\n\t\t\t\t\t\t<div class=\"elementor-container elementor-column-gap-default\">\n\t\t\t\t\t<div class=\"elementor-column elementor-col-100 elementor-top-column elementor-element elementor-element-5c74401\" data-id=\"5c74401\" data-element_type=\"column\">\n\t\t\t<div class=\"elementor-widget-wrap elementor-element-populated\">\n\t\t\t\t\t\t\t\t<div class=\"elementor-element elementor-element-7372a2f elementor-widget elementor-widget-image-gallery\" data-id=\"7372a2f\" data-element_type=\"widget\" data-widget_type=\"image-gallery.default\">\n\t\t\t\t<div class=\"elementor-widget-container\">\n\t\t\t<style>\/*! elementor - v3.6.6 - 08-06-2022 *\/\n.elementor-image-gallery .gallery-item{display:inline-block;text-align:center;vertical-align:top;width:100%;max-width:100%;margin:0 auto}.elementor-image-gallery .gallery-item img{margin:0 auto}.elementor-image-gallery .gallery-item .gallery-caption{margin:0}.elementor-image-gallery figure img{display:block}.elementor-image-gallery figure figcaption{width:100%}.gallery-spacing-custom .elementor-image-gallery .gallery-icon{padding:0}@media (min-width:768px){.elementor-image-gallery .gallery-columns-2 .gallery-item{max-width:50%}.elementor-image-gallery .gallery-columns-3 .gallery-item{max-width:33.33%}.elementor-image-gallery .gallery-columns-4 .gallery-item{max-width:25%}.elementor-image-gallery .gallery-columns-5 .gallery-item{max-width:20%}.elementor-image-gallery .gallery-columns-6 .gallery-item{max-width:16.666%}.elementor-image-gallery .gallery-columns-7 .gallery-item{max-width:14.28%}.elementor-image-gallery .gallery-columns-8 .gallery-item{max-width:12.5%}.elementor-image-gallery .gallery-columns-9 .gallery-item{max-width:11.11%}.elementor-image-gallery .gallery-columns-10 .gallery-item{max-width:10%}}@media (min-width:480px) and (max-width:767px){.elementor-image-gallery .gallery.gallery-columns-2 .gallery-item,.elementor-image-gallery .gallery.gallery-columns-3 .gallery-item,.elementor-image-gallery .gallery.gallery-columns-4 .gallery-item,.elementor-image-gallery .gallery.gallery-columns-5 .gallery-item,.elementor-image-gallery .gallery.gallery-columns-6 .gallery-item,.elementor-image-gallery .gallery.gallery-columns-7 .gallery-item,.elementor-image-gallery .gallery.gallery-columns-8 .gallery-item,.elementor-image-gallery .gallery.gallery-columns-9 .gallery-item,.elementor-image-gallery .gallery.gallery-columns-10 .gallery-item{max-width:50%}}@media (max-width:479px){.elementor-image-gallery .gallery.gallery-columns-2 .gallery-item,.elementor-image-gallery .gallery.gallery-columns-3 .gallery-item,.elementor-image-gallery .gallery.gallery-columns-4 .gallery-item,.elementor-image-gallery .gallery.gallery-columns-5 .gallery-item,.elementor-image-gallery .gallery.gallery-columns-6 .gallery-item,.elementor-image-gallery .gallery.gallery-columns-7 .gallery-item,.elementor-image-gallery .gallery.gallery-columns-8 .gallery-item,.elementor-image-gallery .gallery.gallery-columns-9 .gallery-item,.elementor-image-gallery .gallery.gallery-columns-10 .gallery-item{max-width:100%}}<\/style>\t\t<div class=\"elementor-image-gallery\">\n\t\t\t<div id='gallery-1' class='gallery galleryid-1049 gallery-columns-4 gallery-size-medium'><figure class='gallery-item'>\n\t\t\t<div class='gallery-icon portrait'>\n\t\t\t\t<a data-elementor-open-lightbox=\"yes\" data-elementor-lightbox-slideshow=\"7372a2f\" data-elementor-lightbox-title=\"1\" e-action-hash=\"#elementor-action%3Aaction%3Dlightbox%26settings%3DeyJpZCI6MTA1MSwidXJsIjoiaHR0cHM6XC9cL3ZpbGxhdGYuY29tXC93cC1jb250ZW50XC91cGxvYWRzXC8yMDIxXC8wN1wvMS0xLmpwZyIsInNsaWRlc2hvdyI6IjczNzJhMmYifQ%3D%3D\" href='https:\/\/villatf.com\/wp-content\/uploads\/2021\/07\/1-1.jpg'><img width=\"234\" height=\"300\" src=\"https:\/\/villatf.com\/wp-content\/uploads\/2021\/07\/1-1-234x300.jpg\" class=\"attachment-medium size-medium\" alt=\"\" srcset=\"https:\/\/villatf.com\/wp-content\/uploads\/2021\/07\/1-1-234x300.jpg 234w, https:\/\/villatf.com\/wp-content\/uploads\/2021\/07\/1-1-800x1024.jpg 800w, https:\/\/villatf.com\/wp-content\/uploads\/2021\/07\/1-1-768x983.jpg 768w, https:\/\/villatf.com\/wp-content\/uploads\/2021\/07\/1-1-600x768.jpg 600w, https:\/\/villatf.com\/wp-content\/uploads\/2021\/07\/1-1.jpg 825w\" sizes=\"(max-width: 234px) 100vw, 234px\" \/><\/a>\n\t\t\t<\/div><\/figure><figure class='gallery-item'>\n\t\t\t<div class='gallery-icon portrait'>\n\t\t\t\t<a data-elementor-open-lightbox=\"yes\" data-elementor-lightbox-slideshow=\"7372a2f\" data-elementor-lightbox-title=\"2\" e-action-hash=\"#elementor-action%3Aaction%3Dlightbox%26settings%3DeyJpZCI6MTA1MiwidXJsIjoiaHR0cHM6XC9cL3ZpbGxhdGYuY29tXC93cC1jb250ZW50XC91cGxvYWRzXC8yMDIxXC8wN1wvMi0zLmpwZyIsInNsaWRlc2hvdyI6IjczNzJhMmYifQ%3D%3D\" href='https:\/\/villatf.com\/wp-content\/uploads\/2021\/07\/2-3.jpg'><img width=\"234\" height=\"300\" src=\"https:\/\/villatf.com\/wp-content\/uploads\/2021\/07\/2-3-234x300.jpg\" class=\"attachment-medium size-medium\" alt=\"\" srcset=\"https:\/\/villatf.com\/wp-content\/uploads\/2021\/07\/2-3-234x300.jpg 234w, https:\/\/villatf.com\/wp-content\/uploads\/2021\/07\/2-3-800x1024.jpg 800w, https:\/\/villatf.com\/wp-content\/uploads\/2021\/07\/2-3-768x983.jpg 768w, https:\/\/villatf.com\/wp-content\/uploads\/2021\/07\/2-3-600x768.jpg 600w, https:\/\/villatf.com\/wp-content\/uploads\/2021\/07\/2-3.jpg 825w\" sizes=\"(max-width: 234px) 100vw, 234px\" \/><\/a>\n\t\t\t<\/div><\/figure><figure class='gallery-item'>\n\t\t\t<div class='gallery-icon portrait'>\n\t\t\t\t<a data-elementor-open-lightbox=\"yes\" data-elementor-lightbox-slideshow=\"7372a2f\" data-elementor-lightbox-title=\"3\" e-action-hash=\"#elementor-action%3Aaction%3Dlightbox%26settings%3DeyJpZCI6MTA1MywidXJsIjoiaHR0cHM6XC9cL3ZpbGxhdGYuY29tXC93cC1jb250ZW50XC91cGxvYWRzXC8yMDIxXC8wN1wvMy0xLmpwZyIsInNsaWRlc2hvdyI6IjczNzJhMmYifQ%3D%3D\" href='https:\/\/villatf.com\/wp-content\/uploads\/2021\/07\/3-1.jpg'><img width=\"234\" height=\"300\" src=\"https:\/\/villatf.com\/wp-content\/uploads\/2021\/07\/3-1-234x300.jpg\" class=\"attachment-medium size-medium\" alt=\"\" srcset=\"https:\/\/villatf.com\/wp-content\/uploads\/2021\/07\/3-1-234x300.jpg 234w, https:\/\/villatf.com\/wp-content\/uploads\/2021\/07\/3-1-800x1024.jpg 800w, https:\/\/villatf.com\/wp-content\/uploads\/2021\/07\/3-1-768x983.jpg 768w, https:\/\/villatf.com\/wp-content\/uploads\/2021\/07\/3-1-600x768.jpg 600w, https:\/\/villatf.com\/wp-content\/uploads\/2021\/07\/3-1.jpg 825w\" sizes=\"(max-width: 234px) 100vw, 234px\" \/><\/a>\n\t\t\t<\/div><\/figure><figure class='gallery-item'>\n\t\t\t<div class='gallery-icon portrait'>\n\t\t\t\t<a data-elementor-open-lightbox=\"yes\" data-elementor-lightbox-slideshow=\"7372a2f\" data-elementor-lightbox-title=\"4\" e-action-hash=\"#elementor-action%3Aaction%3Dlightbox%26settings%3DeyJpZCI6MTA1NCwidXJsIjoiaHR0cHM6XC9cL3ZpbGxhdGYuY29tXC93cC1jb250ZW50XC91cGxvYWRzXC8yMDIxXC8wN1wvNC0yLmpwZyIsInNsaWRlc2hvdyI6IjczNzJhMmYifQ%3D%3D\" href='https:\/\/villatf.com\/wp-content\/uploads\/2021\/07\/4-2.jpg'><img width=\"234\" height=\"300\" src=\"https:\/\/villatf.com\/wp-content\/uploads\/2021\/07\/4-2-234x300.jpg\" class=\"attachment-medium size-medium\" alt=\"\" srcset=\"https:\/\/villatf.com\/wp-content\/uploads\/2021\/07\/4-2-234x300.jpg 234w, https:\/\/villatf.com\/wp-content\/uploads\/2021\/07\/4-2-800x1024.jpg 800w, https:\/\/villatf.com\/wp-content\/uploads\/2021\/07\/4-2-768x983.jpg 768w, https:\/\/villatf.com\/wp-content\/uploads\/2021\/07\/4-2-600x768.jpg 600w, https:\/\/villatf.com\/wp-content\/uploads\/2021\/07\/4-2.jpg 825w\" sizes=\"(max-width: 234px) 100vw, 234px\" \/><\/a>\n\t\t\t<\/div><\/figure>\n\t\t<\/div>\n\t\t<\/div>\n\t\t\t\t<\/div>\n\t\t\t\t<\/div>\n\t\t\t\t<div class=\"elementor-element elementor-element-df8d0b3 elementor-widget elementor-widget-image-gallery\" data-id=\"df8d0b3\" data-element_type=\"widget\" data-widget_type=\"image-gallery.default\">\n\t\t\t\t<div class=\"elementor-widget-container\">\n\t\t\t\t\t<div class=\"elementor-image-gallery\">\n\t\t\t<div id='gallery-2' class='gallery galleryid-1049 gallery-columns-4 gallery-size-medium'><figure class='gallery-item'>\n\t\t\t<div class='gallery-icon portrait'>\n\t\t\t\t<a data-elementor-open-lightbox=\"yes\" data-elementor-lightbox-slideshow=\"df8d0b3\" data-elementor-lightbox-title=\"5\" e-action-hash=\"#elementor-action%3Aaction%3Dlightbox%26settings%3DeyJpZCI6MTA1NSwidXJsIjoiaHR0cHM6XC9cL3ZpbGxhdGYuY29tXC93cC1jb250ZW50XC91cGxvYWRzXC8yMDIxXC8wN1wvNS0yLmpwZyIsInNsaWRlc2hvdyI6ImRmOGQwYjMifQ%3D%3D\" href='https:\/\/villatf.com\/wp-content\/uploads\/2021\/07\/5-2.jpg'><img width=\"234\" height=\"300\" src=\"https:\/\/villatf.com\/wp-content\/uploads\/2021\/07\/5-2-234x300.jpg\" class=\"attachment-medium size-medium\" alt=\"\" srcset=\"https:\/\/villatf.com\/wp-content\/uploads\/2021\/07\/5-2-234x300.jpg 234w, https:\/\/villatf.com\/wp-content\/uploads\/2021\/07\/5-2-800x1024.jpg 800w, https:\/\/villatf.com\/wp-content\/uploads\/2021\/07\/5-2-768x983.jpg 768w, https:\/\/villatf.com\/wp-content\/uploads\/2021\/07\/5-2-600x768.jpg 600w, https:\/\/villatf.com\/wp-content\/uploads\/2021\/07\/5-2.jpg 825w\" sizes=\"(max-width: 234px) 100vw, 234px\" \/><\/a>\n\t\t\t<\/div><\/figure><figure class='gallery-item'>\n\t\t\t<div class='gallery-icon portrait'>\n\t\t\t\t<a data-elementor-open-lightbox=\"yes\" data-elementor-lightbox-slideshow=\"df8d0b3\" data-elementor-lightbox-title=\"6\" e-action-hash=\"#elementor-action%3Aaction%3Dlightbox%26settings%3DeyJpZCI6MTA1NiwidXJsIjoiaHR0cHM6XC9cL3ZpbGxhdGYuY29tXC93cC1jb250ZW50XC91cGxvYWRzXC8yMDIxXC8wN1wvNi0xLmpwZyIsInNsaWRlc2hvdyI6ImRmOGQwYjMifQ%3D%3D\" href='https:\/\/villatf.com\/wp-content\/uploads\/2021\/07\/6-1.jpg'><img width=\"234\" height=\"300\" src=\"https:\/\/villatf.com\/wp-content\/uploads\/2021\/07\/6-1-234x300.jpg\" class=\"attachment-medium size-medium\" alt=\"\" srcset=\"https:\/\/villatf.com\/wp-content\/uploads\/2021\/07\/6-1-234x300.jpg 234w, https:\/\/villatf.com\/wp-content\/uploads\/2021\/07\/6-1-800x1024.jpg 800w, https:\/\/villatf.com\/wp-content\/uploads\/2021\/07\/6-1-768x983.jpg 768w, https:\/\/villatf.com\/wp-content\/uploads\/2021\/07\/6-1-600x768.jpg 600w, https:\/\/villatf.com\/wp-content\/uploads\/2021\/07\/6-1.jpg 825w\" sizes=\"(max-width: 234px) 100vw, 234px\" \/><\/a>\n\t\t\t<\/div><\/figure><figure class='gallery-item'>\n\t\t\t<div class='gallery-icon portrait'>\n\t\t\t\t<a data-elementor-open-lightbox=\"yes\" data-elementor-lightbox-slideshow=\"df8d0b3\" data-elementor-lightbox-title=\"7\" e-action-hash=\"#elementor-action%3Aaction%3Dlightbox%26settings%3DeyJpZCI6MTA1NywidXJsIjoiaHR0cHM6XC9cL3ZpbGxhdGYuY29tXC93cC1jb250ZW50XC91cGxvYWRzXC8yMDIxXC8wN1wvNy0xLmpwZyIsInNsaWRlc2hvdyI6ImRmOGQwYjMifQ%3D%3D\" href='https:\/\/villatf.com\/wp-content\/uploads\/2021\/07\/7-1.jpg'><img width=\"234\" height=\"300\" src=\"https:\/\/villatf.com\/wp-content\/uploads\/2021\/07\/7-1-234x300.jpg\" class=\"attachment-medium size-medium\" alt=\"\" srcset=\"https:\/\/villatf.com\/wp-content\/uploads\/2021\/07\/7-1-234x300.jpg 234w, https:\/\/villatf.com\/wp-content\/uploads\/2021\/07\/7-1-800x1024.jpg 800w, https:\/\/villatf.com\/wp-content\/uploads\/2021\/07\/7-1-768x983.jpg 768w, https:\/\/villatf.com\/wp-content\/uploads\/2021\/07\/7-1-600x768.jpg 600w, https:\/\/villatf.com\/wp-content\/uploads\/2021\/07\/7-1.jpg 825w\" sizes=\"(max-width: 234px) 100vw, 234px\" \/><\/a>\n\t\t\t<\/div><\/figure><figure class='gallery-item'>\n\t\t\t<div class='gallery-icon portrait'>\n\t\t\t\t<a data-elementor-open-lightbox=\"yes\" data-elementor-lightbox-slideshow=\"df8d0b3\" data-elementor-lightbox-title=\"8\" e-action-hash=\"#elementor-action%3Aaction%3Dlightbox%26settings%3DeyJpZCI6MTA1OCwidXJsIjoiaHR0cHM6XC9cL3ZpbGxhdGYuY29tXC93cC1jb250ZW50XC91cGxvYWRzXC8yMDIxXC8wN1wvOC0yLmpwZyIsInNsaWRlc2hvdyI6ImRmOGQwYjMifQ%3D%3D\" href='https:\/\/villatf.com\/wp-content\/uploads\/2021\/07\/8-2.jpg'><img width=\"234\" height=\"300\" src=\"https:\/\/villatf.com\/wp-content\/uploads\/2021\/07\/8-2-234x300.jpg\" class=\"attachment-medium size-medium\" alt=\"\" srcset=\"https:\/\/villatf.com\/wp-content\/uploads\/2021\/07\/8-2-234x300.jpg 234w, https:\/\/villatf.com\/wp-content\/uploads\/2021\/07\/8-2-800x1024.jpg 800w, https:\/\/villatf.com\/wp-content\/uploads\/2021\/07\/8-2-768x983.jpg 768w, https:\/\/villatf.com\/wp-content\/uploads\/2021\/07\/8-2-600x768.jpg 600w, https:\/\/villatf.com\/wp-content\/uploads\/2021\/07\/8-2.jpg 825w\" sizes=\"(max-width: 234px) 100vw, 234px\" \/><\/a>\n\t\t\t<\/div><\/figure>\n\t\t<\/div>\n\t\t<\/div>\n\t\t\t\t<\/div>\n\t\t\t\t<\/div>\n\t\t\t\t<div class=\"elementor-element elementor-element-50ba376 elementor-widget elementor-widget-image-gallery\" data-id=\"50ba376\" data-element_type=\"widget\" data-widget_type=\"image-gallery.default\">\n\t\t\t\t<div class=\"elementor-widget-container\">\n\t\t\t\t\t<div class=\"elementor-image-gallery\">\n\t\t\t<div id='gallery-3' class='gallery galleryid-1049 gallery-columns-4 gallery-size-medium'><figure class='gallery-item'>\n\t\t\t<div class='gallery-icon portrait'>\n\t\t\t\t<a data-elementor-open-lightbox=\"yes\" data-elementor-lightbox-slideshow=\"50ba376\" data-elementor-lightbox-title=\"9\" e-action-hash=\"#elementor-action%3Aaction%3Dlightbox%26settings%3DeyJpZCI6MTA1OSwidXJsIjoiaHR0cHM6XC9cL3ZpbGxhdGYuY29tXC93cC1jb250ZW50XC91cGxvYWRzXC8yMDIxXC8wN1wvOS0xLmpwZyIsInNsaWRlc2hvdyI6IjUwYmEzNzYifQ%3D%3D\" href='https:\/\/villatf.com\/wp-content\/uploads\/2021\/07\/9-1.jpg'><img width=\"234\" height=\"300\" src=\"https:\/\/villatf.com\/wp-content\/uploads\/2021\/07\/9-1-234x300.jpg\" class=\"attachment-medium size-medium\" alt=\"\" srcset=\"https:\/\/villatf.com\/wp-content\/uploads\/2021\/07\/9-1-234x300.jpg 234w, https:\/\/villatf.com\/wp-content\/uploads\/2021\/07\/9-1-800x1024.jpg 800w, https:\/\/villatf.com\/wp-content\/uploads\/2021\/07\/9-1-768x983.jpg 768w, https:\/\/villatf.com\/wp-content\/uploads\/2021\/07\/9-1-600x768.jpg 600w, https:\/\/villatf.com\/wp-content\/uploads\/2021\/07\/9-1.jpg 825w\" sizes=\"(max-width: 234px) 100vw, 234px\" \/><\/a>\n\t\t\t<\/div><\/figure><figure class='gallery-item'>\n\t\t\t<div class='gallery-icon portrait'>\n\t\t\t\t<a data-elementor-open-lightbox=\"yes\" data-elementor-lightbox-slideshow=\"50ba376\" data-elementor-lightbox-title=\"10\" e-action-hash=\"#elementor-action%3Aaction%3Dlightbox%26settings%3DeyJpZCI6MTA2MCwidXJsIjoiaHR0cHM6XC9cL3ZpbGxhdGYuY29tXC93cC1jb250ZW50XC91cGxvYWRzXC8yMDIxXC8wN1wvMTAtMi5qcGciLCJzbGlkZXNob3ciOiI1MGJhMzc2In0%3D\" href='https:\/\/villatf.com\/wp-content\/uploads\/2021\/07\/10-2.jpg'><img width=\"234\" height=\"300\" src=\"https:\/\/villatf.com\/wp-content\/uploads\/2021\/07\/10-2-234x300.jpg\" class=\"attachment-medium size-medium\" alt=\"\" srcset=\"https:\/\/villatf.com\/wp-content\/uploads\/2021\/07\/10-2-234x300.jpg 234w, https:\/\/villatf.com\/wp-content\/uploads\/2021\/07\/10-2-800x1024.jpg 800w, https:\/\/villatf.com\/wp-content\/uploads\/2021\/07\/10-2-768x983.jpg 768w, https:\/\/villatf.com\/wp-content\/uploads\/2021\/07\/10-2-600x768.jpg 600w, https:\/\/villatf.com\/wp-content\/uploads\/2021\/07\/10-2.jpg 825w\" sizes=\"(max-width: 234px) 100vw, 234px\" \/><\/a>\n\t\t\t<\/div><\/figure><figure class='gallery-item'>\n\t\t\t<div class='gallery-icon portrait'>\n\t\t\t\t<a data-elementor-open-lightbox=\"yes\" data-elementor-lightbox-slideshow=\"50ba376\" data-elementor-lightbox-title=\"11\" e-action-hash=\"#elementor-action%3Aaction%3Dlightbox%26settings%3DeyJpZCI6MTA2MSwidXJsIjoiaHR0cHM6XC9cL3ZpbGxhdGYuY29tXC93cC1jb250ZW50XC91cGxvYWRzXC8yMDIxXC8wN1wvMTEtMS5qcGciLCJzbGlkZXNob3ciOiI1MGJhMzc2In0%3D\" href='https:\/\/villatf.com\/wp-content\/uploads\/2021\/07\/11-1.jpg'><img width=\"234\" height=\"300\" src=\"https:\/\/villatf.com\/wp-content\/uploads\/2021\/07\/11-1-234x300.jpg\" class=\"attachment-medium size-medium\" alt=\"\" srcset=\"https:\/\/villatf.com\/wp-content\/uploads\/2021\/07\/11-1-234x300.jpg 234w, https:\/\/villatf.com\/wp-content\/uploads\/2021\/07\/11-1-800x1024.jpg 800w, https:\/\/villatf.com\/wp-content\/uploads\/2021\/07\/11-1-768x983.jpg 768w, https:\/\/villatf.com\/wp-content\/uploads\/2021\/07\/11-1-600x768.jpg 600w, https:\/\/villatf.com\/wp-content\/uploads\/2021\/07\/11-1.jpg 825w\" sizes=\"(max-width: 234px) 100vw, 234px\" \/><\/a>\n\t\t\t<\/div><\/figure>\n\t\t<\/div>\n\t\t<\/div>\n\t\t\t\t<\/div>\n\t\t\t\t<\/div>\n\t\t\t\t\t<\/div>\n\t\t<\/div>\n\t\t\t\t\t\t\t<\/div>\n\t\t<\/section>\n\t\t\t\t\t\t\t<\/div>\n\t\t","protected":false},"excerpt":{"rendered":"<p>El estero Palma se encuentra al final de Playa Bandera en Parrita de Puntarenas, Quepos destaca por su tranquilidad, pues a\u00fan es un lugar poco concurrido, que solo es visitado por los lugare\u00f1os. Su arena es gris, tiene un oleaje moderado y poca piedra. Es un lugar con increibles atardeceres.Reserve YA por medio de nuestro WhatsApp Villa Tortuga Feliz y disfrute de una estad\u00eda increible frente al mar en nuestras hermosas Villas, Zona de Camping y \u00e1reas pic-nic en las mesas que se encuentran al lado de las palmeras, a la orilla de la playa. Permitase hacer una caminata y descansar o incluso planear un viaje de un d\u00eda, ya que est\u00e1 a 2 horas y media de San Jos\u00e9.<\/p>\n","protected":false},"author":1,"featured_media":0,"parent":0,"menu_order":0,"comment_status":"closed","ping_status":"closed","template":"","meta":{"om_disable_all_campaigns":false,"_monsterinsights_skip_tracking":false,"_monsterinsights_sitenote_active":false,"_monsterinsights_sitenote_note":"","_monsterinsights_sitenote_category":0,"_joinchat":[]},"_links":{"self":[{"href":"https:\/\/villatf.com\/es\/wp-json\/wp\/v2\/pages\/1049"}],"collection":[{"href":"https:\/\/villatf.com\/es\/wp-json\/wp\/v2\/pages"}],"about":[{"href":"https:\/\/villatf.com\/es\/wp-json\/wp\/v2\/types\/page"}],"author":[{"embeddable":true,"href":"https:\/\/villatf.com\/es\/wp-json\/wp\/v2\/users\/1"}],"replies":[{"embeddable":true,"href":"https:\/\/villatf.com\/es\/wp-json\/wp\/v2\/comments?post=1049"}],"version-history":[{"count":4,"href":"https:\/\/villatf.com\/es\/wp-json\/wp\/v2\/pages\/1049\/revisions"}],"predecessor-version":[{"id":2869,"href":"https:\/\/villatf.com\/es\/wp-json\/wp\/v2\/pages\/1049\/revisions\/2869"}],"wp:attachment":[{"href":"https:\/\/villatf.com\/es\/wp-json\/wp\/v2\/media?parent=1049"}],"curies":[{"name":"wp","href":"https:\/\/api.w.org\/{rel}","templated":true}]}}