{"id":1078,"date":"2021-07-26T02:07:45","date_gmt":"2021-07-26T02:07:45","guid":{"rendered":"https:\/\/villatf.com\/?page_id=1078"},"modified":"2022-06-06T18:47:57","modified_gmt":"2022-06-06T18:47:57","slug":"atardecer","status":"publish","type":"page","link":"https:\/\/villatf.com\/en\/atardecer\/","title":{"rendered":"SUNSET"},"content":{"rendered":"<div data-elementor-type=\"wp-page\" data-elementor-id=\"1078\" class=\"elementor elementor-1078\">\n\t\t\t\t\t\t\t\t\t<section class=\"elementor-section elementor-top-section elementor-element elementor-element-5c2efc2 elementor-section-boxed elementor-section-height-default elementor-section-height-default wpr-particle-no wpr-jarallax-no wpr-parallax-no wpr-sticky-section-no\" data-id=\"5c2efc2\" data-element_type=\"section\">\n\t\t\t\t\t\t<div class=\"elementor-container elementor-column-gap-default\">\n\t\t\t\t\t<div class=\"elementor-column elementor-col-100 elementor-top-column elementor-element elementor-element-c6b1902\" data-id=\"c6b1902\" data-element_type=\"column\">\n\t\t\t<div class=\"elementor-widget-wrap elementor-element-populated\">\n\t\t\t\t\t\t\t\t<div class=\"elementor-element elementor-element-fcb6fb7 elementor-widget elementor-widget-text-editor\" data-id=\"fcb6fb7\" data-element_type=\"widget\" data-widget_type=\"text-editor.default\">\n\t\t\t\t<div class=\"elementor-widget-container\">\n\t\t\t<style>\/*! elementor - v3.6.6 - 08-06-2022 *\/\n.elementor-widget-text-editor.elementor-drop-cap-view-stacked .elementor-drop-cap{background-color:#818a91;color:#fff}.elementor-widget-text-editor.elementor-drop-cap-view-framed .elementor-drop-cap{color:#818a91;border:3px solid;background-color:transparent}.elementor-widget-text-editor:not(.elementor-drop-cap-view-default) .elementor-drop-cap{margin-top:8px}.elementor-widget-text-editor:not(.elementor-drop-cap-view-default) .elementor-drop-cap-letter{width:1em;height:1em}.elementor-widget-text-editor .elementor-drop-cap{float:left;text-align:center;line-height:1;font-size:50px}.elementor-widget-text-editor .elementor-drop-cap-letter{display:inline-block}<\/style>\t\t\t\t<p>Esta exhibici\u00f3n de im\u00e1genes muestra algo \u00fanico en el planeta, los atardeceres sobre el mar. La variedad de colores, desde azulados a rosados, pasando por morados y anaranjados, es solo el comienzo de algo hermoso y \u00fanico que se puede apreciar ac\u00e1 en Villa Tortuga Feliz.<\/p><p>Admire la naturaleza en su m\u00e1ximo esplendor mientras se relaja en las Villas.<\/p><p>\u27a0 Playa Bandera, Quepos, Parrita, Costa Rica.<\/p>\t\t\t\t\t\t<\/div>\n\t\t\t\t<\/div>\n\t\t\t\t<div class=\"elementor-element elementor-element-512799d elementor-align-center elementor-widget elementor-widget-button\" data-id=\"512799d\" data-element_type=\"widget\" data-widget_type=\"button.default\">\n\t\t\t\t<div class=\"elementor-widget-container\">\n\t\t\t\t\t<div class=\"elementor-button-wrapper\">\n\t\t\t<a href=\"https:\/\/www.waze.com\/es\/live-map\/directions\/costa-rica\/provincia-de-puntarenas\/villa-tortuga-feliz?utm_source=waze_website&#038;utm_campaign=waze_website&#038;utm_medium=website_menu&#038;to=place.ChIJiXQs_hWjoY8R6BXTM_BnblE\" class=\"elementor-button-link elementor-button elementor-size-md\" role=\"button\">\n\t\t\t\t\t\t<span class=\"elementor-button-content-wrapper\">\n\t\t\t\t\t\t\t<span class=\"elementor-button-icon elementor-align-icon-left\">\n\t\t\t\t<i aria-hidden=\"true\" class=\"fab fa-waze\"><\/i>\t\t\t<\/span>\n\t\t\t\t\t\t<span class=\"elementor-button-text\">Vis\u00edtanos en Waze<\/span>\n\t\t<\/span>\n\t\t\t\t\t<\/a>\n\t\t<\/div>\n\t\t\t\t<\/div>\n\t\t\t\t<\/div>\n\t\t\t\t<div class=\"elementor-element elementor-element-331d455 elementor-widget elementor-widget-image-gallery\" data-id=\"331d455\" data-element_type=\"widget\" data-widget_type=\"image-gallery.default\">\n\t\t\t\t<div class=\"elementor-widget-container\">\n\t\t\t<style>\/*! elementor - v3.6.6 - 08-06-2022 *\/\n.elementor-image-gallery .gallery-item{display:inline-block;text-align:center;vertical-align:top;width:100%;max-width:100%;margin:0 auto}.elementor-image-gallery .gallery-item img{margin:0 auto}.elementor-image-gallery .gallery-item .gallery-caption{margin:0}.elementor-image-gallery figure img{display:block}.elementor-image-gallery figure figcaption{width:100%}.gallery-spacing-custom .elementor-image-gallery .gallery-icon{padding:0}@media (min-width:768px){.elementor-image-gallery .gallery-columns-2 .gallery-item{max-width:50%}.elementor-image-gallery .gallery-columns-3 .gallery-item{max-width:33.33%}.elementor-image-gallery .gallery-columns-4 .gallery-item{max-width:25%}.elementor-image-gallery .gallery-columns-5 .gallery-item{max-width:20%}.elementor-image-gallery .gallery-columns-6 .gallery-item{max-width:16.666%}.elementor-image-gallery .gallery-columns-7 .gallery-item{max-width:14.28%}.elementor-image-gallery .gallery-columns-8 .gallery-item{max-width:12.5%}.elementor-image-gallery .gallery-columns-9 .gallery-item{max-width:11.11%}.elementor-image-gallery .gallery-columns-10 .gallery-item{max-width:10%}}@media (min-width:480px) and (max-width:767px){.elementor-image-gallery .gallery.gallery-columns-2 .gallery-item,.elementor-image-gallery .gallery.gallery-columns-3 .gallery-item,.elementor-image-gallery .gallery.gallery-columns-4 .gallery-item,.elementor-image-gallery .gallery.gallery-columns-5 .gallery-item,.elementor-image-gallery .gallery.gallery-columns-6 .gallery-item,.elementor-image-gallery .gallery.gallery-columns-7 .gallery-item,.elementor-image-gallery .gallery.gallery-columns-8 .gallery-item,.elementor-image-gallery .gallery.gallery-columns-9 .gallery-item,.elementor-image-gallery .gallery.gallery-columns-10 .gallery-item{max-width:50%}}@media (max-width:479px){.elementor-image-gallery .gallery.gallery-columns-2 .gallery-item,.elementor-image-gallery .gallery.gallery-columns-3 .gallery-item,.elementor-image-gallery .gallery.gallery-columns-4 .gallery-item,.elementor-image-gallery .gallery.gallery-columns-5 .gallery-item,.elementor-image-gallery .gallery.gallery-columns-6 .gallery-item,.elementor-image-gallery .gallery.gallery-columns-7 .gallery-item,.elementor-image-gallery .gallery.gallery-columns-8 .gallery-item,.elementor-image-gallery .gallery.gallery-columns-9 .gallery-item,.elementor-image-gallery .gallery.gallery-columns-10 .gallery-item{max-width:100%}}<\/style>\t\t<div class=\"elementor-image-gallery\">\n\t\t\t<div id='gallery-1' class='gallery galleryid-1078 gallery-columns-4 gallery-size-medium'><figure class='gallery-item'>\n\t\t\t<div class='gallery-icon portrait'>\n\t\t\t\t<a data-elementor-open-lightbox=\"yes\" data-elementor-lightbox-slideshow=\"331d455\" data-elementor-lightbox-title=\"1\" e-action-hash=\"#elementor-action%3Aaction%3Dlightbox%26settings%3DeyJpZCI6MTA4MCwidXJsIjoiaHR0cHM6XC9cL3ZpbGxhdGYuY29tXC93cC1jb250ZW50XC91cGxvYWRzXC8yMDIxXC8wN1wvMS0zLmpwZyIsInNsaWRlc2hvdyI6IjMzMWQ0NTUifQ%3D%3D\" href='https:\/\/villatf.com\/wp-content\/uploads\/2021\/07\/1-3.jpg'><img width=\"234\" height=\"300\" src=\"https:\/\/villatf.com\/wp-content\/uploads\/2021\/07\/1-3-234x300.jpg\" class=\"attachment-medium size-medium\" alt=\"\" srcset=\"https:\/\/villatf.com\/wp-content\/uploads\/2021\/07\/1-3-234x300.jpg 234w, https:\/\/villatf.com\/wp-content\/uploads\/2021\/07\/1-3-800x1024.jpg 800w, https:\/\/villatf.com\/wp-content\/uploads\/2021\/07\/1-3-768x983.jpg 768w, https:\/\/villatf.com\/wp-content\/uploads\/2021\/07\/1-3-600x768.jpg 600w, https:\/\/villatf.com\/wp-content\/uploads\/2021\/07\/1-3.jpg 825w\" sizes=\"(max-width: 234px) 100vw, 234px\" \/><\/a>\n\t\t\t<\/div><\/figure><figure class='gallery-item'>\n\t\t\t<div class='gallery-icon portrait'>\n\t\t\t\t<a data-elementor-open-lightbox=\"yes\" data-elementor-lightbox-slideshow=\"331d455\" data-elementor-lightbox-title=\"2\" e-action-hash=\"#elementor-action%3Aaction%3Dlightbox%26settings%3DeyJpZCI6MTA4MSwidXJsIjoiaHR0cHM6XC9cL3ZpbGxhdGYuY29tXC93cC1jb250ZW50XC91cGxvYWRzXC8yMDIxXC8wN1wvMi01LmpwZyIsInNsaWRlc2hvdyI6IjMzMWQ0NTUifQ%3D%3D\" href='https:\/\/villatf.com\/wp-content\/uploads\/2021\/07\/2-5.jpg'><img width=\"234\" height=\"300\" src=\"https:\/\/villatf.com\/wp-content\/uploads\/2021\/07\/2-5-234x300.jpg\" class=\"attachment-medium size-medium\" alt=\"\" srcset=\"https:\/\/villatf.com\/wp-content\/uploads\/2021\/07\/2-5-234x300.jpg 234w, https:\/\/villatf.com\/wp-content\/uploads\/2021\/07\/2-5-800x1024.jpg 800w, https:\/\/villatf.com\/wp-content\/uploads\/2021\/07\/2-5-768x983.jpg 768w, https:\/\/villatf.com\/wp-content\/uploads\/2021\/07\/2-5-600x768.jpg 600w, https:\/\/villatf.com\/wp-content\/uploads\/2021\/07\/2-5.jpg 825w\" sizes=\"(max-width: 234px) 100vw, 234px\" \/><\/a>\n\t\t\t<\/div><\/figure><figure class='gallery-item'>\n\t\t\t<div class='gallery-icon portrait'>\n\t\t\t\t<a data-elementor-open-lightbox=\"yes\" data-elementor-lightbox-slideshow=\"331d455\" data-elementor-lightbox-title=\"3\" e-action-hash=\"#elementor-action%3Aaction%3Dlightbox%26settings%3DeyJpZCI6MTA4MiwidXJsIjoiaHR0cHM6XC9cL3ZpbGxhdGYuY29tXC93cC1jb250ZW50XC91cGxvYWRzXC8yMDIxXC8wN1wvMy0zLmpwZyIsInNsaWRlc2hvdyI6IjMzMWQ0NTUifQ%3D%3D\" href='https:\/\/villatf.com\/wp-content\/uploads\/2021\/07\/3-3.jpg'><img width=\"234\" height=\"300\" src=\"https:\/\/villatf.com\/wp-content\/uploads\/2021\/07\/3-3-234x300.jpg\" class=\"attachment-medium size-medium\" alt=\"\" srcset=\"https:\/\/villatf.com\/wp-content\/uploads\/2021\/07\/3-3-234x300.jpg 234w, https:\/\/villatf.com\/wp-content\/uploads\/2021\/07\/3-3-800x1024.jpg 800w, https:\/\/villatf.com\/wp-content\/uploads\/2021\/07\/3-3-768x983.jpg 768w, https:\/\/villatf.com\/wp-content\/uploads\/2021\/07\/3-3-600x768.jpg 600w, https:\/\/villatf.com\/wp-content\/uploads\/2021\/07\/3-3.jpg 825w\" sizes=\"(max-width: 234px) 100vw, 234px\" \/><\/a>\n\t\t\t<\/div><\/figure><figure class='gallery-item'>\n\t\t\t<div class='gallery-icon portrait'>\n\t\t\t\t<a data-elementor-open-lightbox=\"yes\" data-elementor-lightbox-slideshow=\"331d455\" data-elementor-lightbox-title=\"4\" e-action-hash=\"#elementor-action%3Aaction%3Dlightbox%26settings%3DeyJpZCI6MTA4MywidXJsIjoiaHR0cHM6XC9cL3ZpbGxhdGYuY29tXC93cC1jb250ZW50XC91cGxvYWRzXC8yMDIxXC8wN1wvNC00LmpwZyIsInNsaWRlc2hvdyI6IjMzMWQ0NTUifQ%3D%3D\" href='https:\/\/villatf.com\/wp-content\/uploads\/2021\/07\/4-4.jpg'><img width=\"234\" height=\"300\" src=\"https:\/\/villatf.com\/wp-content\/uploads\/2021\/07\/4-4-234x300.jpg\" class=\"attachment-medium size-medium\" alt=\"\" srcset=\"https:\/\/villatf.com\/wp-content\/uploads\/2021\/07\/4-4-234x300.jpg 234w, https:\/\/villatf.com\/wp-content\/uploads\/2021\/07\/4-4-800x1024.jpg 800w, https:\/\/villatf.com\/wp-content\/uploads\/2021\/07\/4-4-768x983.jpg 768w, https:\/\/villatf.com\/wp-content\/uploads\/2021\/07\/4-4-600x768.jpg 600w, https:\/\/villatf.com\/wp-content\/uploads\/2021\/07\/4-4.jpg 825w\" sizes=\"(max-width: 234px) 100vw, 234px\" \/><\/a>\n\t\t\t<\/div><\/figure>\n\t\t<\/div>\n\t\t<\/div>\n\t\t\t\t<\/div>\n\t\t\t\t<\/div>\n\t\t\t\t<div class=\"elementor-element elementor-element-5eb8388 elementor-widget elementor-widget-image-gallery\" data-id=\"5eb8388\" data-element_type=\"widget\" data-widget_type=\"image-gallery.default\">\n\t\t\t\t<div class=\"elementor-widget-container\">\n\t\t\t\t\t<div class=\"elementor-image-gallery\">\n\t\t\t<div id='gallery-2' class='gallery galleryid-1078 gallery-columns-4 gallery-size-medium'><figure class='gallery-item'>\n\t\t\t<div class='gallery-icon portrait'>\n\t\t\t\t<a data-elementor-open-lightbox=\"yes\" data-elementor-lightbox-slideshow=\"5eb8388\" data-elementor-lightbox-title=\"5\" e-action-hash=\"#elementor-action%3Aaction%3Dlightbox%26settings%3DeyJpZCI6MTA4NCwidXJsIjoiaHR0cHM6XC9cL3ZpbGxhdGYuY29tXC93cC1jb250ZW50XC91cGxvYWRzXC8yMDIxXC8wN1wvNS00LmpwZyIsInNsaWRlc2hvdyI6IjVlYjgzODgifQ%3D%3D\" href='https:\/\/villatf.com\/wp-content\/uploads\/2021\/07\/5-4.jpg'><img width=\"234\" height=\"300\" src=\"https:\/\/villatf.com\/wp-content\/uploads\/2021\/07\/5-4-234x300.jpg\" class=\"attachment-medium size-medium\" alt=\"\" srcset=\"https:\/\/villatf.com\/wp-content\/uploads\/2021\/07\/5-4-234x300.jpg 234w, https:\/\/villatf.com\/wp-content\/uploads\/2021\/07\/5-4-800x1024.jpg 800w, https:\/\/villatf.com\/wp-content\/uploads\/2021\/07\/5-4-768x983.jpg 768w, https:\/\/villatf.com\/wp-content\/uploads\/2021\/07\/5-4-600x768.jpg 600w, https:\/\/villatf.com\/wp-content\/uploads\/2021\/07\/5-4.jpg 825w\" sizes=\"(max-width: 234px) 100vw, 234px\" \/><\/a>\n\t\t\t<\/div><\/figure><figure class='gallery-item'>\n\t\t\t<div class='gallery-icon portrait'>\n\t\t\t\t<a data-elementor-open-lightbox=\"yes\" data-elementor-lightbox-slideshow=\"5eb8388\" data-elementor-lightbox-title=\"6\" e-action-hash=\"#elementor-action%3Aaction%3Dlightbox%26settings%3DeyJpZCI6MTA4NSwidXJsIjoiaHR0cHM6XC9cL3ZpbGxhdGYuY29tXC93cC1jb250ZW50XC91cGxvYWRzXC8yMDIxXC8wN1wvNi0zLmpwZyIsInNsaWRlc2hvdyI6IjVlYjgzODgifQ%3D%3D\" href='https:\/\/villatf.com\/wp-content\/uploads\/2021\/07\/6-3.jpg'><img width=\"234\" height=\"300\" src=\"https:\/\/villatf.com\/wp-content\/uploads\/2021\/07\/6-3-234x300.jpg\" class=\"attachment-medium size-medium\" alt=\"\" srcset=\"https:\/\/villatf.com\/wp-content\/uploads\/2021\/07\/6-3-234x300.jpg 234w, https:\/\/villatf.com\/wp-content\/uploads\/2021\/07\/6-3-800x1024.jpg 800w, https:\/\/villatf.com\/wp-content\/uploads\/2021\/07\/6-3-768x983.jpg 768w, https:\/\/villatf.com\/wp-content\/uploads\/2021\/07\/6-3-600x768.jpg 600w, https:\/\/villatf.com\/wp-content\/uploads\/2021\/07\/6-3.jpg 825w\" sizes=\"(max-width: 234px) 100vw, 234px\" \/><\/a>\n\t\t\t<\/div><\/figure><figure class='gallery-item'>\n\t\t\t<div class='gallery-icon portrait'>\n\t\t\t\t<a data-elementor-open-lightbox=\"yes\" data-elementor-lightbox-slideshow=\"5eb8388\" data-elementor-lightbox-title=\"7\" e-action-hash=\"#elementor-action%3Aaction%3Dlightbox%26settings%3DeyJpZCI6MTA4NiwidXJsIjoiaHR0cHM6XC9cL3ZpbGxhdGYuY29tXC93cC1jb250ZW50XC91cGxvYWRzXC8yMDIxXC8wN1wvNy0zLmpwZyIsInNsaWRlc2hvdyI6IjVlYjgzODgifQ%3D%3D\" href='https:\/\/villatf.com\/wp-content\/uploads\/2021\/07\/7-3.jpg'><img width=\"234\" height=\"300\" src=\"https:\/\/villatf.com\/wp-content\/uploads\/2021\/07\/7-3-234x300.jpg\" class=\"attachment-medium size-medium\" alt=\"\" srcset=\"https:\/\/villatf.com\/wp-content\/uploads\/2021\/07\/7-3-234x300.jpg 234w, https:\/\/villatf.com\/wp-content\/uploads\/2021\/07\/7-3-800x1024.jpg 800w, https:\/\/villatf.com\/wp-content\/uploads\/2021\/07\/7-3-768x983.jpg 768w, https:\/\/villatf.com\/wp-content\/uploads\/2021\/07\/7-3-600x768.jpg 600w, https:\/\/villatf.com\/wp-content\/uploads\/2021\/07\/7-3.jpg 825w\" sizes=\"(max-width: 234px) 100vw, 234px\" \/><\/a>\n\t\t\t<\/div><\/figure><figure class='gallery-item'>\n\t\t\t<div class='gallery-icon portrait'>\n\t\t\t\t<a data-elementor-open-lightbox=\"yes\" data-elementor-lightbox-slideshow=\"5eb8388\" data-elementor-lightbox-title=\"8\" e-action-hash=\"#elementor-action%3Aaction%3Dlightbox%26settings%3DeyJpZCI6MTA4NywidXJsIjoiaHR0cHM6XC9cL3ZpbGxhdGYuY29tXC93cC1jb250ZW50XC91cGxvYWRzXC8yMDIxXC8wN1wvOC0zLmpwZyIsInNsaWRlc2hvdyI6IjVlYjgzODgifQ%3D%3D\" href='https:\/\/villatf.com\/wp-content\/uploads\/2021\/07\/8-3.jpg'><img width=\"234\" height=\"300\" src=\"https:\/\/villatf.com\/wp-content\/uploads\/2021\/07\/8-3-234x300.jpg\" class=\"attachment-medium size-medium\" alt=\"\" srcset=\"https:\/\/villatf.com\/wp-content\/uploads\/2021\/07\/8-3-234x300.jpg 234w, https:\/\/villatf.com\/wp-content\/uploads\/2021\/07\/8-3-800x1024.jpg 800w, https:\/\/villatf.com\/wp-content\/uploads\/2021\/07\/8-3-768x983.jpg 768w, https:\/\/villatf.com\/wp-content\/uploads\/2021\/07\/8-3-600x768.jpg 600w, https:\/\/villatf.com\/wp-content\/uploads\/2021\/07\/8-3.jpg 825w\" sizes=\"(max-width: 234px) 100vw, 234px\" \/><\/a>\n\t\t\t<\/div><\/figure>\n\t\t<\/div>\n\t\t<\/div>\n\t\t\t\t<\/div>\n\t\t\t\t<\/div>\n\t\t\t\t<div class=\"elementor-element elementor-element-c89be4c elementor-widget elementor-widget-image-gallery\" data-id=\"c89be4c\" data-element_type=\"widget\" data-widget_type=\"image-gallery.default\">\n\t\t\t\t<div class=\"elementor-widget-container\">\n\t\t\t\t\t<div class=\"elementor-image-gallery\">\n\t\t\t<div id='gallery-3' class='gallery galleryid-1078 gallery-columns-4 gallery-size-medium'><figure class='gallery-item'>\n\t\t\t<div class='gallery-icon portrait'>\n\t\t\t\t<a data-elementor-open-lightbox=\"yes\" data-elementor-lightbox-slideshow=\"c89be4c\" data-elementor-lightbox-title=\"9\" e-action-hash=\"#elementor-action%3Aaction%3Dlightbox%26settings%3DeyJpZCI6MTA4OCwidXJsIjoiaHR0cHM6XC9cL3ZpbGxhdGYuY29tXC93cC1jb250ZW50XC91cGxvYWRzXC8yMDIxXC8wN1wvOS0yLmpwZyIsInNsaWRlc2hvdyI6ImM4OWJlNGMifQ%3D%3D\" href='https:\/\/villatf.com\/wp-content\/uploads\/2021\/07\/9-2.jpg'><img width=\"234\" height=\"300\" src=\"https:\/\/villatf.com\/wp-content\/uploads\/2021\/07\/9-2-234x300.jpg\" class=\"attachment-medium size-medium\" alt=\"\" srcset=\"https:\/\/villatf.com\/wp-content\/uploads\/2021\/07\/9-2-234x300.jpg 234w, https:\/\/villatf.com\/wp-content\/uploads\/2021\/07\/9-2-800x1024.jpg 800w, https:\/\/villatf.com\/wp-content\/uploads\/2021\/07\/9-2-768x983.jpg 768w, https:\/\/villatf.com\/wp-content\/uploads\/2021\/07\/9-2-600x768.jpg 600w, https:\/\/villatf.com\/wp-content\/uploads\/2021\/07\/9-2.jpg 825w\" sizes=\"(max-width: 234px) 100vw, 234px\" \/><\/a>\n\t\t\t<\/div><\/figure>\n\t\t<\/div>\n\t\t<\/div>\n\t\t\t\t<\/div>\n\t\t\t\t<\/div>\n\t\t\t\t\t<\/div>\n\t\t<\/div>\n\t\t\t\t\t\t\t<\/div>\n\t\t<\/section>\n\t\t\t\t\t\t\t<\/div>","protected":false},"excerpt":{"rendered":"<p>Esta exhibici\u00f3n de im\u00e1genes muestra algo \u00fanico en el planeta, los atardeceres sobre el mar. La variedad de colores, desde azulados a rosados, pasando por morados y anaranjados, es solo el comienzo de algo hermoso y \u00fanico que se puede apreciar ac\u00e1 en Villa Tortuga Feliz. Admire la naturaleza en su m\u00e1ximo esplendor mientras se relaja en las Villas. \u27a0 Playa Bandera, Quepos, Parrita, Costa Rica. Vis\u00edtanos en Waze<\/p>","protected":false},"author":1,"featured_media":0,"parent":0,"menu_order":0,"comment_status":"closed","ping_status":"closed","template":"","meta":{"om_disable_all_campaigns":false,"_monsterinsights_skip_tracking":false,"_monsterinsights_sitenote_active":false,"_monsterinsights_sitenote_note":"","_monsterinsights_sitenote_category":0,"_joinchat":[]},"_links":{"self":[{"href":"https:\/\/villatf.com\/en\/wp-json\/wp\/v2\/pages\/1078"}],"collection":[{"href":"https:\/\/villatf.com\/en\/wp-json\/wp\/v2\/pages"}],"about":[{"href":"https:\/\/villatf.com\/en\/wp-json\/wp\/v2\/types\/page"}],"author":[{"embeddable":true,"href":"https:\/\/villatf.com\/en\/wp-json\/wp\/v2\/users\/1"}],"replies":[{"embeddable":true,"href":"https:\/\/villatf.com\/en\/wp-json\/wp\/v2\/comments?post=1078"}],"version-history":[{"count":22,"href":"https:\/\/villatf.com\/en\/wp-json\/wp\/v2\/pages\/1078\/revisions"}],"predecessor-version":[{"id":2896,"href":"https:\/\/villatf.com\/en\/wp-json\/wp\/v2\/pages\/1078\/revisions\/2896"}],"wp:attachment":[{"href":"https:\/\/villatf.com\/en\/wp-json\/wp\/v2\/media?parent=1078"}],"curies":[{"name":"wp","href":"https:\/\/api.w.org\/{rel}","templated":true}]}}